{"id":1143,"date":"2025-09-30T15:08:04","date_gmt":"2025-09-30T13:08:04","guid":{"rendered":"https:\/\/xscopter.com\/avisos-legales\/"},"modified":"2026-01-27T11:26:23","modified_gmt":"2026-01-27T09:26:23","slug":"avisos-legales","status":"publish","type":"page","link":"https:\/\/xscopter.com\/es\/avisos-legales\/","title":{"rendered":"Avisos legales"},"content":{"rendered":"\t\t<div data-elementor-type=\"wp-page\" data-elementor-id=\"1143\" class=\"elementor elementor-1143 elementor-213\" data-elementor-post-type=\"page\">\n\t\t\t\t<div class=\"elementor-element elementor-element-4dd44ea4 e-flex e-con-boxed e-con e-parent\" data-id=\"4dd44ea4\" data-element_type=\"container\" data-e-type=\"container\">\n\t\t\t\t\t<div class=\"e-con-inner\">\n\t\t\t\t<div class=\"elementor-element elementor-element-c613967 elementor-widget elementor-widget-text-editor\" data-id=\"c613967\" data-element_type=\"widget\" data-e-type=\"widget\" data-widget_type=\"text-editor.default\">\n\t\t\t\t\t\t\t\t\t\n<h2 class=\"wp-block-heading\">Editor del sitio web:<\/h2>\n\n<p>Nombre \/ Raz\u00f3n social: [A completar]<\/p>\n\n<p>Estatus jur\u00eddico: [Por completar]<\/p>\n\n<p>Direcci\u00f3n: Aeropuerto de Perpi\u00f1\u00e1n<\/p>\n\n<p>N.\u00ba SIRET: [A completar]<\/p>\n\n<p>Responsable de la publicaci\u00f3n: Fabrice Chr\u00e9tien<\/p>\n\n<p>Correo electr\u00f3nico: contact@xscopter.com<\/p>\n\n<p>Tel\u00e9fono: +33608733707<\/p>\n\n<h2 class=\"wp-block-heading\">Alojamiento:<\/h2>\n\n<ul class=\"wp-block-list\">\n<li><strong>Nombre del proveedor de alojamiento<\/strong>: o2switch<\/li>\n<li><strong>Adresse<\/strong> : Chem. des Pardiaux, 63000 Clermont-Ferrand, France <\/li>\n<li><strong>N\u00famero de tel\u00e9fono<\/strong>: 04 44 44 60 40<\/li>\n<li><strong>Site web<\/strong> : <a href=\"https:\/\/www.o2switch.fr\/\" target=\"_blank\" rel=\"noreferrer noopener\">https:\/\/www.o2switch.fr<\/a><\/li>\n<\/ul>\n\n<p> <\/p>\n<p>Propri\u00e9t\u00e9 intellectuelle : L\u2019ensemble des contenus du site (textes, images, logos, vid\u00e9os, etc.) est prot\u00e9g\u00e9 par le droit d\u2019auteur et appartient \u00e0 Xscopter ou \u00e0 des tiers ayant autoris\u00e9 leur utilisation. Toute reproduction, totale ou partielle, est interdite sans autorisation. <\/p>\n\n<p>Responsabilit\u00e9 : L\u2019\u00e9diteur met \u00e0 jour r\u00e9guli\u00e8rement le site mais ne garantit pas l\u2019exactitude ni l\u2019exhaustivit\u00e9 des informations mises en ligne. Il ne pourra \u00eatre tenu responsable des dommages li\u00e9s \u00e0 l\u2019utilisation du site. <\/p>\n\n<p>Liens externes : Le site peut contenir des liens vers d\u2019autres sites, notamment pour la r\u00e9servation (SimplyBook). L\u2019\u00e9diteur d\u00e9cline toute responsabilit\u00e9 quant au contenu ou aux pratiques de confidentialit\u00e9 de ces sites tiers. <\/p>\n\n<p>Legislaci\u00f3n aplicable: Las presentes menciones legales est\u00e1n sujetas a la legislaci\u00f3n francesa. Cualquier litigio ser\u00e1 sometido a la jurisdicci\u00f3n de los tribunales franceses. <\/p>\n\t\t\t\t\t\t\t\t<\/div>\n\t\t\t\t\t<\/div>\n\t\t\t\t<\/div>\n\t\t\t\t<\/div>\n\t\t","protected":false},"excerpt":{"rendered":"<p>Editor del sitio web: Nombre \/ Raz\u00f3n social: [A completar] Estatus jur\u00eddico: [Por completar] Direcci\u00f3n: Aeropuerto de Perpi\u00f1\u00e1n N.\u00ba SIRET: [A completar] Responsable de la publicaci\u00f3n: Fabrice Chr\u00e9tien Correo electr\u00f3nico: contact@xscopter.com Tel\u00e9fono: +33608733707 Alojamiento: Nombre del proveedor de alojamiento: o2switch Adresse : Chem. des Pardiaux, 63000 Clermont-Ferrand, France N\u00famero de tel\u00e9fono: 04 44 44 60 [&hellip;]<\/p>\n","protected":false},"author":1,"featured_media":0,"parent":0,"menu_order":0,"comment_status":"closed","ping_status":"closed","template":"","meta":{"footnotes":""},"class_list":["post-1143","page","type-page","status-publish","hentry"],"yoast_head":"<!-- This site is optimized with the Yoast SEO plugin v27.4 - https:\/\/yoast.com\/product\/yoast-seo-wordpress\/ -->\n<title>Avisos legales | Xscopter<\/title>\n<meta name=\"robots\" content=\"noindex, follow\" \/>\n<meta property=\"og:locale\" content=\"es_ES\" \/>\n<meta property=\"og:type\" content=\"article\" \/>\n<meta property=\"og:title\" content=\"Avisos legales | Xscopter\" \/>\n<meta property=\"og:description\" content=\"Editor del sitio web: Nombre \/ Raz\u00f3n social: [A completar] Estatus jur\u00eddico: [Por completar] Direcci\u00f3n: Aeropuerto de Perpi\u00f1\u00e1n N.\u00ba SIRET: [A completar] Responsable de la publicaci\u00f3n: Fabrice Chr\u00e9tien Correo electr\u00f3nico: contact@xscopter.com Tel\u00e9fono: +33608733707 Alojamiento: Nombre del proveedor de alojamiento: o2switch Adresse : Chem. des Pardiaux, 63000 Clermont-Ferrand, France N\u00famero de tel\u00e9fono: 04 44 44 60 [&hellip;]\" \/>\n<meta property=\"og:url\" content=\"https:\/\/xscopter.com\/es\/avisos-legales\/\" \/>\n<meta property=\"og:site_name\" content=\"Xscopter\" \/>\n<meta property=\"article:modified_time\" content=\"2026-01-27T09:26:23+00:00\" \/>\n<meta name=\"twitter:card\" content=\"summary_large_image\" \/>\n<meta name=\"twitter:label1\" content=\"Tiempo de lectura\" \/>\n\t<meta name=\"twitter:data1\" content=\"1 minuto\" \/>\n<script type=\"application\/ld+json\" class=\"yoast-schema-graph\">{\"@context\":\"https:\\\/\\\/schema.org\",\"@graph\":[{\"@type\":\"WebPage\",\"@id\":\"https:\\\/\\\/xscopter.com\\\/es\\\/avisos-legales\\\/\",\"url\":\"https:\\\/\\\/xscopter.com\\\/es\\\/avisos-legales\\\/\",\"name\":\"Avisos legales | Xscopter\",\"isPartOf\":{\"@id\":\"https:\\\/\\\/xscopter.com\\\/es\\\/#website\"},\"datePublished\":\"2025-09-30T13:08:04+00:00\",\"dateModified\":\"2026-01-27T09:26:23+00:00\",\"breadcrumb\":{\"@id\":\"https:\\\/\\\/xscopter.com\\\/es\\\/avisos-legales\\\/#breadcrumb\"},\"inLanguage\":\"es\",\"potentialAction\":[{\"@type\":\"ReadAction\",\"target\":[\"https:\\\/\\\/xscopter.com\\\/es\\\/avisos-legales\\\/\"]}]},{\"@type\":\"BreadcrumbList\",\"@id\":\"https:\\\/\\\/xscopter.com\\\/es\\\/avisos-legales\\\/#breadcrumb\",\"itemListElement\":[{\"@type\":\"ListItem\",\"position\":1,\"name\":\"Accueil\",\"item\":\"https:\\\/\\\/xscopter.com\\\/es\\\/\"},{\"@type\":\"ListItem\",\"position\":2,\"name\":\"Avisos legales\"}]},{\"@type\":\"WebSite\",\"@id\":\"https:\\\/\\\/xscopter.com\\\/es\\\/#website\",\"url\":\"https:\\\/\\\/xscopter.com\\\/es\\\/\",\"name\":\"Xscopter\",\"description\":\"Flight Simulator\",\"potentialAction\":[{\"@type\":\"SearchAction\",\"target\":{\"@type\":\"EntryPoint\",\"urlTemplate\":\"https:\\\/\\\/xscopter.com\\\/es\\\/?s={search_term_string}\"},\"query-input\":{\"@type\":\"PropertyValueSpecification\",\"valueRequired\":true,\"valueName\":\"search_term_string\"}}],\"inLanguage\":\"es\"}]}<\/script>\n<!-- \/ Yoast SEO plugin. -->","yoast_head_json":{"title":"Avisos legales | Xscopter","robots":{"index":"noindex","follow":"follow"},"og_locale":"es_ES","og_type":"article","og_title":"Avisos legales | Xscopter","og_description":"Editor del sitio web: Nombre \/ Raz\u00f3n social: [A completar] Estatus jur\u00eddico: [Por completar] Direcci\u00f3n: Aeropuerto de Perpi\u00f1\u00e1n N.\u00ba SIRET: [A completar] Responsable de la publicaci\u00f3n: Fabrice Chr\u00e9tien Correo electr\u00f3nico: contact@xscopter.com Tel\u00e9fono: +33608733707 Alojamiento: Nombre del proveedor de alojamiento: o2switch Adresse : Chem. des Pardiaux, 63000 Clermont-Ferrand, France N\u00famero de tel\u00e9fono: 04 44 44 60 [&hellip;]","og_url":"https:\/\/xscopter.com\/es\/avisos-legales\/","og_site_name":"Xscopter","article_modified_time":"2026-01-27T09:26:23+00:00","twitter_card":"summary_large_image","twitter_misc":{"Tiempo de lectura":"1 minuto"},"schema":{"@context":"https:\/\/schema.org","@graph":[{"@type":"WebPage","@id":"https:\/\/xscopter.com\/es\/avisos-legales\/","url":"https:\/\/xscopter.com\/es\/avisos-legales\/","name":"Avisos legales | Xscopter","isPartOf":{"@id":"https:\/\/xscopter.com\/es\/#website"},"datePublished":"2025-09-30T13:08:04+00:00","dateModified":"2026-01-27T09:26:23+00:00","breadcrumb":{"@id":"https:\/\/xscopter.com\/es\/avisos-legales\/#breadcrumb"},"inLanguage":"es","potentialAction":[{"@type":"ReadAction","target":["https:\/\/xscopter.com\/es\/avisos-legales\/"]}]},{"@type":"BreadcrumbList","@id":"https:\/\/xscopter.com\/es\/avisos-legales\/#breadcrumb","itemListElement":[{"@type":"ListItem","position":1,"name":"Accueil","item":"https:\/\/xscopter.com\/es\/"},{"@type":"ListItem","position":2,"name":"Avisos legales"}]},{"@type":"WebSite","@id":"https:\/\/xscopter.com\/es\/#website","url":"https:\/\/xscopter.com\/es\/","name":"Xscopter","description":"Flight Simulator","potentialAction":[{"@type":"SearchAction","target":{"@type":"EntryPoint","urlTemplate":"https:\/\/xscopter.com\/es\/?s={search_term_string}"},"query-input":{"@type":"PropertyValueSpecification","valueRequired":true,"valueName":"search_term_string"}}],"inLanguage":"es"}]}},"_links":{"self":[{"href":"https:\/\/xscopter.com\/es\/wp-json\/wp\/v2\/pages\/1143","targetHints":{"allow":["GET"]}}],"collection":[{"href":"https:\/\/xscopter.com\/es\/wp-json\/wp\/v2\/pages"}],"about":[{"href":"https:\/\/xscopter.com\/es\/wp-json\/wp\/v2\/types\/page"}],"author":[{"embeddable":true,"href":"https:\/\/xscopter.com\/es\/wp-json\/wp\/v2\/users\/1"}],"replies":[{"embeddable":true,"href":"https:\/\/xscopter.com\/es\/wp-json\/wp\/v2\/comments?post=1143"}],"version-history":[{"count":1,"href":"https:\/\/xscopter.com\/es\/wp-json\/wp\/v2\/pages\/1143\/revisions"}],"predecessor-version":[{"id":1144,"href":"https:\/\/xscopter.com\/es\/wp-json\/wp\/v2\/pages\/1143\/revisions\/1144"}],"wp:attachment":[{"href":"https:\/\/xscopter.com\/es\/wp-json\/wp\/v2\/media?parent=1143"}],"curies":[{"name":"wp","href":"https:\/\/api.w.org\/{rel}","templated":true}]}}