{"id":1153,"date":"2025-09-23T12:55:13","date_gmt":"2025-09-23T10:55:13","guid":{"rendered":"https:\/\/xscopter.com\/visitar\/"},"modified":"2026-01-27T12:12:09","modified_gmt":"2026-01-27T10:12:09","slug":"visitar","status":"publish","type":"page","link":"https:\/\/xscopter.com\/es\/visitar\/","title":{"rendered":"Visitar"},"content":{"rendered":"\t\t<div data-elementor-type=\"wp-page\" data-elementor-id=\"1153\" class=\"elementor elementor-1153 elementor-42\" data-elementor-post-type=\"page\">\n\t\t\t\t<div class=\"elementor-element elementor-element-cc49b65 e-flex e-con-boxed e-con e-parent\" data-id=\"cc49b65\" data-element_type=\"container\" data-e-type=\"container\" data-settings=\"{&quot;background_background&quot;:&quot;classic&quot;,&quot;shape_divider_bottom&quot;:&quot;tilt&quot;}\">\n\t\t\t\t\t<div class=\"e-con-inner\">\n\t\t\t\t<div class=\"elementor-shape elementor-shape-bottom\" aria-hidden=\"true\" data-negative=\"false\">\n\t\t\t<svg xmlns=\"http:\/\/www.w3.org\/2000\/svg\" viewBox=\"0 0 1000 100\" preserveAspectRatio=\"none\">\n\t<path class=\"elementor-shape-fill\" d=\"M0,6V0h1000v100L0,6z\"\/>\n<\/svg>\t\t<\/div>\n\t\t<div class=\"elementor-element elementor-element-81534fc e-con-full e-flex e-con e-child\" data-id=\"81534fc\" data-element_type=\"container\" data-e-type=\"container\" data-settings=\"{&quot;background_background&quot;:&quot;classic&quot;}\">\n\t\t\t\t<\/div>\n\t\t<div class=\"elementor-element elementor-element-99e3231 e-con-full e-flex e-con e-child\" data-id=\"99e3231\" data-element_type=\"container\" data-e-type=\"container\">\n\t\t\t\t<div class=\"elementor-element elementor-element-b17debb elementor-widget elementor-widget-heading\" data-id=\"b17debb\" data-element_type=\"widget\" data-e-type=\"widget\" data-widget_type=\"heading.default\">\n\t\t\t\t\t<h3 class=\"elementor-heading-title elementor-size-default\">Visitar XSCOPTER<\/h3>\t\t\t\t<\/div>\n\t\t\t\t<div class=\"elementor-element elementor-element-c5c07e0 elementor-widget elementor-widget-heading\" data-id=\"c5c07e0\" data-element_type=\"widget\" data-e-type=\"widget\" data-widget_type=\"heading.default\">\n\t\t\t\t\t<h1 class=\"elementor-heading-title elementor-size-default\">Una ubicaci\u00f3n estrat\u00e9gica en el coraz\u00f3n del Mediterr\u00e1neo<\/h1>\t\t\t\t<\/div>\n\t\t\t\t<div class=\"elementor-element elementor-element-e4240e3 elementor-widget elementor-widget-text-editor\" data-id=\"e4240e3\" data-element_type=\"widget\" data-e-type=\"widget\" data-widget_type=\"text-editor.default\">\n\t\t\t\t\t\t\t\t\t<p>Situado directamente en el aeropuerto de Perpi\u00f1\u00e1n\u2013Rivesaltes, el centro de simulaci\u00f3n XSCOPTER goza de una ubicaci\u00f3n geogr\u00e1fica privilegiada. Gracias a su posici\u00f3n central entre Francia, Espa\u00f1a y el Principado de Andorra, se encuentra en el cruce de los principales ejes europeos: <\/p><ul><li>1h30 de Barcelona<\/li><li>1h45 de Toulouse<\/li><li>Menos de 2h de Montpellier y Marsella<\/li><li>1h30 de vuelo desde Par\u00eds<\/li><\/ul>\t\t\t\t\t\t\t\t<\/div>\n\t\t\t\t<div class=\"elementor-element elementor-element-6b261b0 elementor-align-left elementor-widget elementor-widget-button\" data-id=\"6b261b0\" data-element_type=\"widget\" data-e-type=\"widget\" data-widget_type=\"button.default\">\n\t\t\t\t\t\t\t\t\t\t<a class=\"elementor-button elementor-button-link elementor-size-sm\" href=\"https:\/\/xscopter.com\/es\/contacto\/\">\n\t\t\t\t\t\t<span class=\"elementor-button-content-wrapper\">\n\t\t\t\t\t\t\t\t\t<span class=\"elementor-button-text\">Cont\u00e1ctenos<\/span>\n\t\t\t\t\t<\/span>\n\t\t\t\t\t<\/a>\n\t\t\t\t\t\t\t\t<\/div>\n\t\t\t\t<\/div>\n\t\t\t\t\t<\/div>\n\t\t\t\t<\/div>\n\t\t<div class=\"elementor-element elementor-element-62d78078 e-con-full e-flex e-con e-parent\" data-id=\"62d78078\" data-element_type=\"container\" data-e-type=\"container\" data-settings=\"{&quot;background_background&quot;:&quot;classic&quot;}\">\n\t\t<div class=\"elementor-element elementor-element-221aee02 e-con-full e-flex e-con e-child\" data-id=\"221aee02\" data-element_type=\"container\" data-e-type=\"container\">\n\t\t<div class=\"elementor-element elementor-element-15e182b e-con-full e-flex e-con e-child\" data-id=\"15e182b\" data-element_type=\"container\" data-e-type=\"container\">\n\t\t\t\t<div class=\"elementor-element elementor-element-65489052 elementor-widget__width-initial elementor-widget-tablet__width-inherit elementor-widget elementor-widget-heading\" data-id=\"65489052\" data-element_type=\"widget\" data-e-type=\"widget\" data-widget_type=\"heading.default\">\n\t\t\t\t\t<h2 class=\"elementor-heading-title elementor-size-default\">Un entorno ideal para el entrenamiento<\/h2>\t\t\t\t<\/div>\n\t\t\t\t<\/div>\n\t\t<div class=\"elementor-element elementor-element-da48652 e-con-full e-flex e-con e-child\" data-id=\"da48652\" data-element_type=\"container\" data-e-type=\"container\">\n\t\t\t\t<div class=\"elementor-element elementor-element-52ce400a elementor-widget__width-initial elementor-widget-tablet__width-inherit elementor-widget elementor-widget-text-editor\" data-id=\"52ce400a\" data-element_type=\"widget\" data-e-type=\"widget\" data-widget_type=\"text-editor.default\">\n\t\t\t\t\t\t\t\t\t<p>Entre <strong>el mar Mediterr\u00e1neo y las monta\u00f1as<\/strong> pirenaicas, la regi\u00f3n ofrece un entorno excepcional: clima suave, condiciones meteorol\u00f3gicas favorables durante todo el a\u00f1o y una gran diversidad de paisajes.<\/p><p>Estas caracter\u00edsticas permiten a XSCOPTER <strong>reproducir en el simulador una amplia variedad de escenarios operativos<\/strong> \u2014mar\u00edtimos, de monta\u00f1a o urbanos\u2014 en perfecta coherencia con la realidad del terreno.<\/p>\t\t\t\t\t\t\t\t<\/div>\n\t\t\t\t<div class=\"elementor-element elementor-element-e2fbbf8 elementor-widget elementor-widget-image\" data-id=\"e2fbbf8\" data-element_type=\"widget\" data-e-type=\"widget\" data-widget_type=\"image.default\">\n\t\t\t\t\t\t\t\t\t\t\t\t\t\t\t<img fetchpriority=\"high\" decoding=\"async\" width=\"225\" height=\"225\" src=\"https:\/\/xscopter.com\/wp-content\/uploads\/2025\/12\/images-4.png\" class=\"attachment-large size-large wp-image-1162\" alt=\"\" srcset=\"https:\/\/xscopter.com\/wp-content\/uploads\/2025\/12\/images-4.png 225w, https:\/\/xscopter.com\/wp-content\/uploads\/2025\/12\/images-4-150x150.png 150w\" sizes=\"(max-width: 225px) 100vw, 225px\" \/>\t\t\t\t\t\t\t\t\t\t\t\t\t\t\t<\/div>\n\t\t\t\t<\/div>\n\t\t\t\t<\/div>\n\t\t\t\t<div class=\"elementor-element elementor-element-2b61979b elementor-widget__width-inherit elementor-widget elementor-widget-image\" data-id=\"2b61979b\" data-element_type=\"widget\" data-e-type=\"widget\" data-widget_type=\"image.default\">\n\t\t\t\t\t\t\t\t\t\t\t\t\t\t\t<img decoding=\"async\" width=\"1000\" height=\"519\" src=\"https:\/\/xscopter.com\/wp-content\/uploads\/2025\/11\/Colilioure_France.webp\" class=\"attachment-full size-full wp-image-1155\" alt=\"Colilioure_France\" srcset=\"https:\/\/xscopter.com\/wp-content\/uploads\/2025\/11\/Colilioure_France.webp 1000w, https:\/\/xscopter.com\/wp-content\/uploads\/2025\/11\/Colilioure_France-300x156.webp 300w, https:\/\/xscopter.com\/wp-content\/uploads\/2025\/11\/Colilioure_France-768x399.webp 768w\" sizes=\"(max-width: 1000px) 100vw, 1000px\" \/>\t\t\t\t\t\t\t\t\t\t\t\t\t\t\t<\/div>\n\t\t\t\t<\/div>\n\t\t<div class=\"elementor-element elementor-element-5ebd5c6 e-flex e-con-boxed e-con e-parent\" data-id=\"5ebd5c6\" data-element_type=\"container\" data-e-type=\"container\">\n\t\t\t\t\t<div class=\"e-con-inner\">\n\t\t<div class=\"elementor-element elementor-element-8e5c47d e-con-full e-flex e-con e-child\" data-id=\"8e5c47d\" data-element_type=\"container\" data-e-type=\"container\">\n\t\t\t\t<div class=\"elementor-element elementor-element-e760861 elementor-widget elementor-widget-image\" data-id=\"e760861\" data-element_type=\"widget\" data-e-type=\"widget\" data-widget_type=\"image.default\">\n\t\t\t\t\t\t\t\t\t\t\t\t\t\t\t<img decoding=\"async\" width=\"800\" height=\"533\" src=\"https:\/\/xscopter.com\/wp-content\/uploads\/2025\/11\/Perpignan-aeroport.webp\" class=\"attachment-large size-large wp-image-1156\" alt=\"Perpignan-a\u00e9roport\" srcset=\"https:\/\/xscopter.com\/wp-content\/uploads\/2025\/11\/Perpignan-aeroport.webp 800w, https:\/\/xscopter.com\/wp-content\/uploads\/2025\/11\/Perpignan-aeroport-300x200.webp 300w, https:\/\/xscopter.com\/wp-content\/uploads\/2025\/11\/Perpignan-aeroport-768x512.webp 768w\" sizes=\"(max-width: 800px) 100vw, 800px\" \/>\t\t\t\t\t\t\t\t\t\t\t\t\t\t\t<\/div>\n\t\t\t\t<\/div>\n\t\t<div class=\"elementor-element elementor-element-e7771d3 e-con-full e-flex e-con e-child\" data-id=\"e7771d3\" data-element_type=\"container\" data-e-type=\"container\" data-settings=\"{&quot;background_background&quot;:&quot;classic&quot;}\">\n\t\t\t\t<div class=\"elementor-element elementor-element-dacb9cb elementor-widget elementor-widget-heading\" data-id=\"dacb9cb\" data-element_type=\"widget\" data-e-type=\"widget\" data-widget_type=\"heading.default\">\n\t\t\t\t\t<h2 class=\"elementor-heading-title elementor-size-default\">Apertura internacional<\/h2>\t\t\t\t<\/div>\n\t\t\t\t<div class=\"elementor-element elementor-element-b1c4f4c elementor-widget elementor-widget-text-editor\" data-id=\"b1c4f4c\" data-element_type=\"widget\" data-e-type=\"widget\" data-widget_type=\"text-editor.default\">\n\t\t\t\t\t\t\t\t\t<p>Implantado en el coraz\u00f3n de la <strong>Catalu\u00f1a francesa<\/strong>, XSCOPTER se beneficia de una fuerte din\u00e1mica transfronteriza, <strong>favorable al intercambio y a la cooperaci\u00f3n<\/strong> entre operadores civiles e institucionales a ambos lados de los Pirineos.<\/p><p>Este entorno multicultural refuerza el esp\u00edritu de innovaci\u00f3n y excelencia operativa que impulsa cada sesi\u00f3n de formaci\u00f3n.<\/p>\t\t\t\t\t\t\t\t<\/div>\n\t\t\t\t<\/div>\n\t\t\t\t\t<\/div>\n\t\t\t\t<\/div>\n\t\t<div class=\"elementor-element elementor-element-685b733 e-flex e-con-boxed e-con e-parent\" data-id=\"685b733\" data-element_type=\"container\" data-e-type=\"container\">\n\t\t\t\t\t<div class=\"e-con-inner\">\n\t\t<div class=\"elementor-element elementor-element-81a57ce e-con-full e-flex e-con e-child\" data-id=\"81a57ce\" data-element_type=\"container\" data-e-type=\"container\">\n\t\t\t\t<div class=\"elementor-element elementor-element-ad9d835 elementor-widget elementor-widget-image\" data-id=\"ad9d835\" data-element_type=\"widget\" data-e-type=\"widget\" data-widget_type=\"image.default\">\n\t\t\t\t\t\t\t\t\t\t\t\t\t\t\t<img loading=\"lazy\" decoding=\"async\" width=\"800\" height=\"600\" src=\"https:\/\/xscopter.com\/wp-content\/uploads\/2025\/11\/Office-tourisme-perpignan.webp\" class=\"attachment-large size-large wp-image-1157\" alt=\"Office-tourisme-perpignan\" srcset=\"https:\/\/xscopter.com\/wp-content\/uploads\/2025\/11\/Office-tourisme-perpignan.webp 800w, https:\/\/xscopter.com\/wp-content\/uploads\/2025\/11\/Office-tourisme-perpignan-300x225.webp 300w, https:\/\/xscopter.com\/wp-content\/uploads\/2025\/11\/Office-tourisme-perpignan-768x576.webp 768w\" sizes=\"(max-width: 800px) 100vw, 800px\" \/>\t\t\t\t\t\t\t\t\t\t\t\t\t\t\t<\/div>\n\t\t\t\t<\/div>\n\t\t<div class=\"elementor-element elementor-element-c1df9a8 e-con-full e-flex e-con e-child\" data-id=\"c1df9a8\" data-element_type=\"container\" data-e-type=\"container\">\n\t\t\t\t<div class=\"elementor-element elementor-element-431f1c4 elementor-widget elementor-widget-heading\" data-id=\"431f1c4\" data-element_type=\"widget\" data-e-type=\"widget\" data-widget_type=\"heading.default\">\n\t\t\t\t\t<h3 class=\"elementor-heading-title elementor-size-default\">C\u00f3mo llegar a XSCOPTER<\/h3>\t\t\t\t<\/div>\n\t\t\t\t<div class=\"elementor-element elementor-element-c7585de elementor-widget elementor-widget-heading\" data-id=\"c7585de\" data-element_type=\"widget\" data-e-type=\"widget\" data-widget_type=\"heading.default\">\n\t\t\t\t\t<h2 class=\"elementor-heading-title elementor-size-default\">Accesos y transporte<\/h2>\t\t\t\t<\/div>\n\t\t\t\t<div class=\"elementor-element elementor-element-2132998 elementor-widget elementor-widget-text-editor\" data-id=\"2132998\" data-element_type=\"widget\" data-e-type=\"widget\" data-widget_type=\"text-editor.default\">\n\t\t\t\t\t\t\t\t\t<p><strong>En coche: <\/strong>acceso directo desde la autopista A9 (salida Perpi\u00f1\u00e1n-Norte).<br><strong>En avi\u00f3n:<\/strong> el aeropuerto de Perpi\u00f1\u00e1n\u2013Rivesaltes se encuentra a pocos metros del centro.<br><strong>En tren:<\/strong> estaci\u00f3n TGV de Perpi\u00f1\u00e1n a 10 minutos <em>(conexiones directas desde Par\u00eds, Toulouse y Barcelona).<\/em><br><strong>Aparcamiento gratuito<\/strong> disponible para visitantes y alumnos.<\/p>\t\t\t\t\t\t\t\t<\/div>\n\t\t\t\t<div class=\"elementor-element elementor-element-2af691d elementor-align-center elementor-widget elementor-widget-button\" data-id=\"2af691d\" data-element_type=\"widget\" data-e-type=\"widget\" data-widget_type=\"button.default\">\n\t\t\t\t\t\t\t\t\t\t<a class=\"elementor-button elementor-button-link elementor-size-sm\" href=\"https:\/\/xscopter.com\/entrainement\/\">\n\t\t\t\t\t\t<span class=\"elementor-button-content-wrapper\">\n\t\t\t\t\t\t\t\t\t<span class=\"elementor-button-text\">Descubra nuestros programas<\/span>\n\t\t\t\t\t<\/span>\n\t\t\t\t\t<\/a>\n\t\t\t\t\t\t\t\t<\/div>\n\t\t\t\t<\/div>\n\t\t\t\t\t<\/div>\n\t\t\t\t<\/div>\n\t\t<div class=\"elementor-element elementor-element-7f63dc7 e-con-full elementor-hidden-tablet elementor-hidden-mobile e-flex e-con e-parent\" data-id=\"7f63dc7\" data-element_type=\"container\" data-e-type=\"container\">\n\t\t\t\t<div class=\"elementor-element elementor-element-84e4918 elementor-widget elementor-widget-video\" data-id=\"84e4918\" data-element_type=\"widget\" data-e-type=\"widget\" data-settings=\"{&quot;youtube_url&quot;:&quot;https:\\\/\\\/www.youtube.com\\\/watch?v=4qPJlHS5FwM&quot;,&quot;video_type&quot;:&quot;youtube&quot;,&quot;controls&quot;:&quot;yes&quot;}\" data-widget_type=\"video.default\">\n\t\t\t\t\t\t\t<div class=\"elementor-wrapper elementor-open-inline\">\n\t\t\t<div class=\"elementor-video\"><\/div>\t\t<\/div>\n\t\t\t\t\t\t<\/div>\n\t\t\t\t<\/div>\n\t\t<div class=\"elementor-element elementor-element-2734b89 e-con-full e-flex e-con e-parent\" data-id=\"2734b89\" data-element_type=\"container\" data-e-type=\"container\">\n\t\t<div class=\"elementor-element elementor-element-c3da3ca e-con-full elementor-hidden-tablet elementor-hidden-mobile e-flex e-con e-child\" data-id=\"c3da3ca\" data-element_type=\"container\" data-e-type=\"container\">\n\t\t\t\t<div class=\"elementor-element elementor-element-c58bff9 elementor-widget elementor-widget-image\" data-id=\"c58bff9\" data-element_type=\"widget\" data-e-type=\"widget\" data-widget_type=\"image.default\">\n\t\t\t\t\t\t\t\t\t\t\t\t\t\t\t<img loading=\"lazy\" decoding=\"async\" width=\"800\" height=\"650\" src=\"https:\/\/xscopter.com\/wp-content\/uploads\/2025\/11\/Perpignan-canigo.webp\" class=\"attachment-large size-large wp-image-1161\" alt=\"Perpignan-canigo\" srcset=\"https:\/\/xscopter.com\/wp-content\/uploads\/2025\/11\/Perpignan-canigo.webp 800w, https:\/\/xscopter.com\/wp-content\/uploads\/2025\/11\/Perpignan-canigo-300x244.webp 300w, https:\/\/xscopter.com\/wp-content\/uploads\/2025\/11\/Perpignan-canigo-768x624.webp 768w\" sizes=\"(max-width: 800px) 100vw, 800px\" \/>\t\t\t\t\t\t\t\t\t\t\t\t\t\t\t<\/div>\n\t\t\t\t<\/div>\n\t\t<div class=\"elementor-element elementor-element-9e7a612 e-con-full e-flex e-con e-child\" data-id=\"9e7a612\" data-element_type=\"container\" data-e-type=\"container\">\n\t\t\t\t<div class=\"elementor-element elementor-element-ccffd83 elementor-widget elementor-widget-heading\" data-id=\"ccffd83\" data-element_type=\"widget\" data-e-type=\"widget\" data-widget_type=\"heading.default\">\n\t\t\t\t\t<h3 class=\"elementor-heading-title elementor-size-default\">En las proximidades<\/h3>\t\t\t\t<\/div>\n\t\t\t\t<div class=\"elementor-element elementor-element-fbff722 elementor-widget elementor-widget-heading\" data-id=\"fbff722\" data-element_type=\"widget\" data-e-type=\"widget\" data-widget_type=\"heading.default\">\n\t\t\t\t\t<h2 class=\"elementor-heading-title elementor-size-default\">Disfrute de su estancia<\/h2>\t\t\t\t<\/div>\n\t\t\t\t<div class=\"elementor-element elementor-element-41ee068 elementor-widget elementor-widget-text-editor\" data-id=\"41ee068\" data-element_type=\"widget\" data-e-type=\"widget\" data-widget_type=\"text-editor.default\">\n\t\t\t\t\t\t\t\t\t<p>Adem\u00e1s de sus sesiones de entrenamiento, descubra los atractivos de la regi\u00f3n: las playas de Canet, el centro hist\u00f3rico de Perpi\u00f1\u00e1n o los pueblos elevados de los Pirineos. La regi\u00f3n combina formaci\u00f3n, descanso y descubrimiento. <\/p><h4>Perpi\u00f1\u00e1n y la frontera catalana<\/h4><p>Pasee por las animadas calles del centro hist\u00f3rico de Perpi\u00f1\u00e1n, entre fachadas coloridas y mercados tradicionales.<br>Visite el Palacio de los Reyes de Mallorca, s\u00edmbolo del pasado real de la ciudad.<br>Cruce la frontera para una escapada a Figueres y descubra el Museo Dal\u00ed, aut\u00e9ntico templo del surrealismo.<\/p><h4>Mar, monta\u00f1a y naturaleza<\/h4><p>Recorra la Costa Vermeille: Collioure, Port-Vendres y Banyuls ofrecen paisajes entre calas salvajes y vi\u00f1edos en terrazas.<br>Explore los Alb\u00e8res, \u00faltimo macizo de los Pirineos antes del Mediterr\u00e1neo.<br>Ascienda al Canig\u00f3, monta\u00f1a emblem\u00e1tica de los catalanes, o disfrute de una jornada en plena naturaleza en el valle del T\u00eat.<\/p>\t\t\t\t\t\t\t\t<\/div>\n\t\t\t\t<\/div>\n\t\t\t\t<\/div>\n\t\t\t\t<\/div>\n\t\t","protected":false},"excerpt":{"rendered":"<p>Visitar XSCOPTER Una ubicaci\u00f3n estrat\u00e9gica en el coraz\u00f3n del Mediterr\u00e1neo Situado directamente en el aeropuerto de Perpi\u00f1\u00e1n\u2013Rivesaltes, el centro de simulaci\u00f3n XSCOPTER goza de una ubicaci\u00f3n geogr\u00e1fica privilegiada. Gracias a su posici\u00f3n central entre Francia, Espa\u00f1a y el Principado de Andorra, se encuentra en el cruce de los principales ejes europeos: 1h30 de Barcelona 1h45 [&hellip;]<\/p>\n","protected":false},"author":1,"featured_media":0,"parent":0,"menu_order":0,"comment_status":"closed","ping_status":"closed","template":"","meta":{"footnotes":""},"class_list":["post-1153","page","type-page","status-publish","hentry"],"yoast_head":"<!-- This site is optimized with the Yoast SEO plugin v27.4 - https:\/\/yoast.com\/product\/yoast-seo-wordpress\/ -->\n<title>Visitar Perpi\u00f1\u00e1n con XSCopter \u2013 Formaci\u00f3n de pilotos y atractivo regional<\/title>\n<meta name=\"description\" content=\"Descubra Perpi\u00f1\u00e1n, destino ideal para sus equipajes: accesibilidad, clima mediterr\u00e1neo, alojamientos, gastronom\u00eda y turismo.\" \/>\n<meta name=\"robots\" content=\"index, follow, max-snippet:-1, max-image-preview:large, max-video-preview:-1\" \/>\n<link rel=\"canonical\" href=\"https:\/\/xscopter.com\/es\/visitar\/\" \/>\n<meta property=\"og:locale\" content=\"es_ES\" \/>\n<meta property=\"og:type\" content=\"article\" \/>\n<meta property=\"og:title\" content=\"Visitar Perpi\u00f1\u00e1n con XSCopter \u2013 Formaci\u00f3n de pilotos y atractivo regional\" \/>\n<meta property=\"og:description\" content=\"Descubra Perpi\u00f1\u00e1n, destino ideal para sus equipajes: accesibilidad, clima mediterr\u00e1neo, alojamientos, gastronom\u00eda y turismo.\" \/>\n<meta property=\"og:url\" content=\"https:\/\/xscopter.com\/es\/visitar\/\" \/>\n<meta property=\"og:site_name\" content=\"Xscopter\" \/>\n<meta property=\"article:modified_time\" content=\"2026-01-27T10:12:09+00:00\" \/>\n<meta property=\"og:image\" content=\"https:\/\/xscopter.com\/wp-content\/uploads\/2025\/12\/images-4.png\" \/>\n\t<meta property=\"og:image:width\" content=\"225\" \/>\n\t<meta property=\"og:image:height\" content=\"225\" \/>\n\t<meta property=\"og:image:type\" content=\"image\/png\" \/>\n<meta name=\"twitter:card\" content=\"summary_large_image\" \/>\n<meta name=\"twitter:label1\" content=\"Tiempo de lectura\" \/>\n\t<meta name=\"twitter:data1\" content=\"2 minutos\" \/>\n<script type=\"application\/ld+json\" class=\"yoast-schema-graph\">{\"@context\":\"https:\\\/\\\/schema.org\",\"@graph\":[{\"@type\":\"WebPage\",\"@id\":\"https:\\\/\\\/xscopter.com\\\/es\\\/visitar\\\/\",\"url\":\"https:\\\/\\\/xscopter.com\\\/es\\\/visitar\\\/\",\"name\":\"Visitar Perpi\u00f1\u00e1n con XSCopter \u2013 Formaci\u00f3n de pilotos y atractivo regional\",\"isPartOf\":{\"@id\":\"https:\\\/\\\/xscopter.com\\\/es\\\/#website\"},\"primaryImageOfPage\":{\"@id\":\"https:\\\/\\\/xscopter.com\\\/es\\\/visitar\\\/#primaryimage\"},\"image\":{\"@id\":\"https:\\\/\\\/xscopter.com\\\/es\\\/visitar\\\/#primaryimage\"},\"thumbnailUrl\":\"https:\\\/\\\/xscopter.com\\\/wp-content\\\/uploads\\\/2025\\\/12\\\/images-4.png\",\"datePublished\":\"2025-09-23T10:55:13+00:00\",\"dateModified\":\"2026-01-27T10:12:09+00:00\",\"description\":\"Descubra Perpi\u00f1\u00e1n, destino ideal para sus equipajes: accesibilidad, clima mediterr\u00e1neo, alojamientos, gastronom\u00eda y turismo.\",\"breadcrumb\":{\"@id\":\"https:\\\/\\\/xscopter.com\\\/es\\\/visitar\\\/#breadcrumb\"},\"inLanguage\":\"es\",\"potentialAction\":[{\"@type\":\"ReadAction\",\"target\":[\"https:\\\/\\\/xscopter.com\\\/es\\\/visitar\\\/\"]}]},{\"@type\":\"ImageObject\",\"inLanguage\":\"es\",\"@id\":\"https:\\\/\\\/xscopter.com\\\/es\\\/visitar\\\/#primaryimage\",\"url\":\"https:\\\/\\\/xscopter.com\\\/wp-content\\\/uploads\\\/2025\\\/12\\\/images-4.png\",\"contentUrl\":\"https:\\\/\\\/xscopter.com\\\/wp-content\\\/uploads\\\/2025\\\/12\\\/images-4.png\"},{\"@type\":\"BreadcrumbList\",\"@id\":\"https:\\\/\\\/xscopter.com\\\/es\\\/visitar\\\/#breadcrumb\",\"itemListElement\":[{\"@type\":\"ListItem\",\"position\":1,\"name\":\"Accueil\",\"item\":\"https:\\\/\\\/xscopter.com\\\/es\\\/\"},{\"@type\":\"ListItem\",\"position\":2,\"name\":\"Visitar\"}]},{\"@type\":\"WebSite\",\"@id\":\"https:\\\/\\\/xscopter.com\\\/es\\\/#website\",\"url\":\"https:\\\/\\\/xscopter.com\\\/es\\\/\",\"name\":\"Xscopter\",\"description\":\"Flight Simulator\",\"potentialAction\":[{\"@type\":\"SearchAction\",\"target\":{\"@type\":\"EntryPoint\",\"urlTemplate\":\"https:\\\/\\\/xscopter.com\\\/es\\\/?s={search_term_string}\"},\"query-input\":{\"@type\":\"PropertyValueSpecification\",\"valueRequired\":true,\"valueName\":\"search_term_string\"}}],\"inLanguage\":\"es\"}]}<\/script>\n<!-- \/ Yoast SEO plugin. -->","yoast_head_json":{"title":"Visitar Perpi\u00f1\u00e1n con XSCopter \u2013 Formaci\u00f3n de pilotos y atractivo regional","description":"Descubra Perpi\u00f1\u00e1n, destino ideal para sus equipajes: accesibilidad, clima mediterr\u00e1neo, alojamientos, gastronom\u00eda y turismo.","robots":{"index":"index","follow":"follow","max-snippet":"max-snippet:-1","max-image-preview":"max-image-preview:large","max-video-preview":"max-video-preview:-1"},"canonical":"https:\/\/xscopter.com\/es\/visitar\/","og_locale":"es_ES","og_type":"article","og_title":"Visitar Perpi\u00f1\u00e1n con XSCopter \u2013 Formaci\u00f3n de pilotos y atractivo regional","og_description":"Descubra Perpi\u00f1\u00e1n, destino ideal para sus equipajes: accesibilidad, clima mediterr\u00e1neo, alojamientos, gastronom\u00eda y turismo.","og_url":"https:\/\/xscopter.com\/es\/visitar\/","og_site_name":"Xscopter","article_modified_time":"2026-01-27T10:12:09+00:00","og_image":[{"width":225,"height":225,"url":"https:\/\/xscopter.com\/wp-content\/uploads\/2025\/12\/images-4.png","type":"image\/png"}],"twitter_card":"summary_large_image","twitter_misc":{"Tiempo de lectura":"2 minutos"},"schema":{"@context":"https:\/\/schema.org","@graph":[{"@type":"WebPage","@id":"https:\/\/xscopter.com\/es\/visitar\/","url":"https:\/\/xscopter.com\/es\/visitar\/","name":"Visitar Perpi\u00f1\u00e1n con XSCopter \u2013 Formaci\u00f3n de pilotos y atractivo regional","isPartOf":{"@id":"https:\/\/xscopter.com\/es\/#website"},"primaryImageOfPage":{"@id":"https:\/\/xscopter.com\/es\/visitar\/#primaryimage"},"image":{"@id":"https:\/\/xscopter.com\/es\/visitar\/#primaryimage"},"thumbnailUrl":"https:\/\/xscopter.com\/wp-content\/uploads\/2025\/12\/images-4.png","datePublished":"2025-09-23T10:55:13+00:00","dateModified":"2026-01-27T10:12:09+00:00","description":"Descubra Perpi\u00f1\u00e1n, destino ideal para sus equipajes: accesibilidad, clima mediterr\u00e1neo, alojamientos, gastronom\u00eda y turismo.","breadcrumb":{"@id":"https:\/\/xscopter.com\/es\/visitar\/#breadcrumb"},"inLanguage":"es","potentialAction":[{"@type":"ReadAction","target":["https:\/\/xscopter.com\/es\/visitar\/"]}]},{"@type":"ImageObject","inLanguage":"es","@id":"https:\/\/xscopter.com\/es\/visitar\/#primaryimage","url":"https:\/\/xscopter.com\/wp-content\/uploads\/2025\/12\/images-4.png","contentUrl":"https:\/\/xscopter.com\/wp-content\/uploads\/2025\/12\/images-4.png"},{"@type":"BreadcrumbList","@id":"https:\/\/xscopter.com\/es\/visitar\/#breadcrumb","itemListElement":[{"@type":"ListItem","position":1,"name":"Accueil","item":"https:\/\/xscopter.com\/es\/"},{"@type":"ListItem","position":2,"name":"Visitar"}]},{"@type":"WebSite","@id":"https:\/\/xscopter.com\/es\/#website","url":"https:\/\/xscopter.com\/es\/","name":"Xscopter","description":"Flight Simulator","potentialAction":[{"@type":"SearchAction","target":{"@type":"EntryPoint","urlTemplate":"https:\/\/xscopter.com\/es\/?s={search_term_string}"},"query-input":{"@type":"PropertyValueSpecification","valueRequired":true,"valueName":"search_term_string"}}],"inLanguage":"es"}]}},"_links":{"self":[{"href":"https:\/\/xscopter.com\/es\/wp-json\/wp\/v2\/pages\/1153","targetHints":{"allow":["GET"]}}],"collection":[{"href":"https:\/\/xscopter.com\/es\/wp-json\/wp\/v2\/pages"}],"about":[{"href":"https:\/\/xscopter.com\/es\/wp-json\/wp\/v2\/types\/page"}],"author":[{"embeddable":true,"href":"https:\/\/xscopter.com\/es\/wp-json\/wp\/v2\/users\/1"}],"replies":[{"embeddable":true,"href":"https:\/\/xscopter.com\/es\/wp-json\/wp\/v2\/comments?post=1153"}],"version-history":[{"count":1,"href":"https:\/\/xscopter.com\/es\/wp-json\/wp\/v2\/pages\/1153\/revisions"}],"predecessor-version":[{"id":1163,"href":"https:\/\/xscopter.com\/es\/wp-json\/wp\/v2\/pages\/1153\/revisions\/1163"}],"wp:attachment":[{"href":"https:\/\/xscopter.com\/es\/wp-json\/wp\/v2\/media?parent=1153"}],"curies":[{"name":"wp","href":"https:\/\/api.w.org\/{rel}","templated":true}]}}