{"id":1189,"date":"2025-09-23T12:45:24","date_gmt":"2025-09-23T10:45:24","guid":{"rendered":"https:\/\/xscopter.com\/el-simulador\/"},"modified":"2026-01-27T16:10:57","modified_gmt":"2026-01-27T14:10:57","slug":"el-simulador","status":"publish","type":"page","link":"https:\/\/xscopter.com\/es\/el-simulador\/","title":{"rendered":"El simulador"},"content":{"rendered":"\t\t<div data-elementor-type=\"wp-page\" data-elementor-id=\"1189\" class=\"elementor elementor-1189 elementor-33\" data-elementor-post-type=\"page\">\n\t\t\t\t<div class=\"elementor-element elementor-element-2c418b67 e-flex e-con-boxed e-con e-parent\" data-id=\"2c418b67\" data-element_type=\"container\" data-e-type=\"container\" data-settings=\"{&quot;background_background&quot;:&quot;classic&quot;,&quot;shape_divider_bottom&quot;:&quot;tilt&quot;}\">\n\t\t\t\t\t<div class=\"e-con-inner\">\n\t\t\t\t<div class=\"elementor-shape elementor-shape-bottom\" aria-hidden=\"true\" data-negative=\"false\">\n\t\t\t<svg xmlns=\"http:\/\/www.w3.org\/2000\/svg\" viewBox=\"0 0 1000 100\" preserveAspectRatio=\"none\">\n\t<path class=\"elementor-shape-fill\" d=\"M0,6V0h1000v100L0,6z\"\/>\n<\/svg>\t\t<\/div>\n\t\t<div class=\"elementor-element elementor-element-389aabe3 e-con-full e-flex e-con e-child\" data-id=\"389aabe3\" data-element_type=\"container\" data-e-type=\"container\">\n\t\t\t\t<div class=\"elementor-element elementor-element-2bacd18e elementor-widget elementor-widget-image\" data-id=\"2bacd18e\" data-element_type=\"widget\" data-e-type=\"widget\" data-widget_type=\"image.default\">\n\t\t\t\t\t\t\t\t\t\t\t\t\t\t\t<img fetchpriority=\"high\" decoding=\"async\" width=\"576\" height=\"1024\" src=\"https:\/\/xscopter.com\/wp-content\/uploads\/2025\/11\/simulateur-xscopter-576x1024.webp\" class=\"attachment-large size-large wp-image-1191\" alt=\"simulateur-xscopter\" srcset=\"https:\/\/xscopter.com\/wp-content\/uploads\/2025\/11\/simulateur-xscopter-576x1024.webp 576w, https:\/\/xscopter.com\/wp-content\/uploads\/2025\/11\/simulateur-xscopter-169x300.webp 169w, https:\/\/xscopter.com\/wp-content\/uploads\/2025\/11\/simulateur-xscopter-768x1365.webp 768w, https:\/\/xscopter.com\/wp-content\/uploads\/2025\/11\/simulateur-xscopter-864x1536.webp 864w, https:\/\/xscopter.com\/wp-content\/uploads\/2025\/11\/simulateur-xscopter.webp 900w\" sizes=\"(max-width: 576px) 100vw, 576px\" \/>\t\t\t\t\t\t\t\t\t\t\t\t\t\t\t<\/div>\n\t\t\t\t<\/div>\n\t\t<div class=\"elementor-element elementor-element-676716f9 e-con-full e-flex e-con e-child\" data-id=\"676716f9\" data-element_type=\"container\" data-e-type=\"container\">\n\t\t\t\t<div class=\"elementor-element elementor-element-75ade33a elementor-widget elementor-widget-heading\" data-id=\"75ade33a\" data-element_type=\"widget\" data-e-type=\"widget\" data-widget_type=\"heading.default\">\n\t\t\t\t\t<h3 class=\"elementor-heading-title elementor-size-default\">Simulador EC145-C2 Full-Flight Simulator Nivel A\n<\/h3>\t\t\t\t<\/div>\n\t\t\t\t<div class=\"elementor-element elementor-element-18655370 elementor-widget elementor-widget-heading\" data-id=\"18655370\" data-element_type=\"widget\" data-e-type=\"widget\" data-widget_type=\"heading.default\">\n\t\t\t\t\t<h1 class=\"elementor-heading-title elementor-size-default\">Un realismo excepcional para un entrenamiento sin concesiones<\/h1>\t\t\t\t<\/div>\n\t\t\t\t<div class=\"elementor-element elementor-element-5a3efb61 elementor-widget elementor-widget-text-editor\" data-id=\"5a3efb61\" data-element_type=\"widget\" data-e-type=\"widget\" data-widget_type=\"text-editor.default\">\n\t\t\t\t\t\t\t\t\t<p>El simulador EC145-C2 Full-Flight Simulator Nivel A de XSCopter ofrece un nivel excepcional de realismo y rendimiento, permitiendo recrear con precisi\u00f3n las condiciones reales de un vuelo en helic\u00f3ptero.<\/p><p>Dise\u00f1ado para satisfacer las necesidades de tripulaciones civiles, parap\u00fablicas y militares, permite entrenarse en una amplia gama de situaciones operativas, con total seguridad y cumpliendo los est\u00e1ndares EASA y DGAC.<\/p>\t\t\t\t\t\t\t\t<\/div>\n\t\t\t\t<div class=\"elementor-element elementor-element-5cfc894e elementor-align-left elementor-widget elementor-widget-button\" data-id=\"5cfc894e\" data-element_type=\"widget\" data-e-type=\"widget\" data-widget_type=\"button.default\">\n\t\t\t\t\t\t\t\t\t\t<a class=\"elementor-button elementor-button-link elementor-size-sm\" href=\"https:\/\/xscopter.com\/es\/entrenamiento\/\">\n\t\t\t\t\t\t<span class=\"elementor-button-content-wrapper\">\n\t\t\t\t\t\t\t\t\t<span class=\"elementor-button-text\">Ver las formaciones<\/span>\n\t\t\t\t\t<\/span>\n\t\t\t\t\t<\/a>\n\t\t\t\t\t\t\t\t<\/div>\n\t\t\t\t<\/div>\n\t\t\t\t\t<\/div>\n\t\t\t\t<\/div>\n\t\t<div class=\"elementor-element elementor-element-100ff443 e-flex e-con-boxed e-con e-parent\" data-id=\"100ff443\" data-element_type=\"container\" data-e-type=\"container\">\n\t\t\t\t\t<div class=\"e-con-inner\">\n\t\t<div class=\"elementor-element elementor-element-52b927b8 e-con-full e-flex e-con e-child\" data-id=\"52b927b8\" data-element_type=\"container\" data-e-type=\"container\">\n\t\t\t\t<div class=\"elementor-element elementor-element-816ff7b elementor-arrows-position-inside elementor-pagination-position-outside elementor-widget elementor-widget-image-carousel\" data-id=\"816ff7b\" data-element_type=\"widget\" data-e-type=\"widget\" data-settings=\"{&quot;slides_to_show&quot;:&quot;1&quot;,&quot;navigation&quot;:&quot;both&quot;,&quot;autoplay&quot;:&quot;yes&quot;,&quot;pause_on_hover&quot;:&quot;yes&quot;,&quot;pause_on_interaction&quot;:&quot;yes&quot;,&quot;autoplay_speed&quot;:5000,&quot;infinite&quot;:&quot;yes&quot;,&quot;effect&quot;:&quot;slide&quot;,&quot;speed&quot;:500}\" data-widget_type=\"image-carousel.default\">\n\t\t\t\t\t\t\t<div class=\"elementor-image-carousel-wrapper swiper\" role=\"region\" aria-roledescription=\"carousel\" aria-label=\"Carrousel d\u2019images\" dir=\"ltr\">\n\t\t\t<div class=\"elementor-image-carousel swiper-wrapper\" aria-live=\"off\">\n\t\t\t\t\t\t\t\t<div class=\"swiper-slide\" role=\"group\" aria-roledescription=\"slide\" aria-label=\"1 de 3\"><figure class=\"swiper-slide-inner\"><img decoding=\"async\" class=\"swiper-slide-image\" src=\"https:\/\/xscopter.com\/wp-content\/uploads\/2025\/10\/simulateur-xscopter-perpignan.webp\" alt=\"simulateur-xscopter-perpignan\" \/><\/figure><\/div><div class=\"swiper-slide\" role=\"group\" aria-roledescription=\"slide\" aria-label=\"2 de 3\"><figure class=\"swiper-slide-inner\"><img decoding=\"async\" class=\"swiper-slide-image\" src=\"https:\/\/xscopter.com\/wp-content\/uploads\/2025\/10\/verrins-simulateur-xscopter-perpignan.webp\" alt=\"verrins-simulateur-xscopter-perpignan\" \/><\/figure><\/div><div class=\"swiper-slide\" role=\"group\" aria-roledescription=\"slide\" aria-label=\"3 de 3\"><figure class=\"swiper-slide-inner\"><img decoding=\"async\" class=\"swiper-slide-image\" src=\"https:\/\/xscopter.com\/wp-content\/uploads\/2025\/10\/Le-simulateur-EC145-C2-Full-Flight-Simulator-Level-A.webp\" alt=\"Simulador EC145-C2 Full-Flight Simulator Nivel A\" \/><\/figure><\/div>\t\t\t<\/div>\n\t\t\t\t\t\t\t\t\t\t\t\t<div class=\"elementor-swiper-button elementor-swiper-button-prev\" role=\"button\" tabindex=\"0\">\n\t\t\t\t\t\t<svg aria-hidden=\"true\" class=\"e-font-icon-svg e-eicon-chevron-left\" viewBox=\"0 0 1000 1000\" xmlns=\"http:\/\/www.w3.org\/2000\/svg\"><path d=\"M646 125C629 125 613 133 604 142L308 442C296 454 292 471 292 487 292 504 296 521 308 533L604 854C617 867 629 875 646 875 663 875 679 871 692 858 704 846 713 829 713 812 713 796 708 779 692 767L438 487 692 225C700 217 708 204 708 187 708 171 704 154 692 142 675 129 663 125 646 125Z\"><\/path><\/svg>\t\t\t\t\t<\/div>\n\t\t\t\t\t<div class=\"elementor-swiper-button elementor-swiper-button-next\" role=\"button\" tabindex=\"0\">\n\t\t\t\t\t\t<svg aria-hidden=\"true\" class=\"e-font-icon-svg e-eicon-chevron-right\" viewBox=\"0 0 1000 1000\" xmlns=\"http:\/\/www.w3.org\/2000\/svg\"><path d=\"M696 533C708 521 713 504 713 487 713 471 708 454 696 446L400 146C388 133 375 125 354 125 338 125 325 129 313 142 300 154 292 171 292 187 292 204 296 221 308 233L563 492 304 771C292 783 288 800 288 817 288 833 296 850 308 863 321 871 338 875 354 875 371 875 388 867 400 854L696 533Z\"><\/path><\/svg>\t\t\t\t\t<\/div>\n\t\t\t\t\n\t\t\t\t\t\t\t\t\t<div class=\"swiper-pagination\"><\/div>\n\t\t\t\t\t\t\t\t\t<\/div>\n\t\t\t\t\t\t<\/div>\n\t\t\t\t<\/div>\n\t\t<div class=\"elementor-element elementor-element-57a9a6d0 e-con-full e-flex e-con e-child\" data-id=\"57a9a6d0\" data-element_type=\"container\" data-e-type=\"container\">\n\t\t\t\t<div class=\"elementor-element elementor-element-5210a796 elementor-widget elementor-widget-heading\" data-id=\"5210a796\" data-element_type=\"widget\" data-e-type=\"widget\" data-widget_type=\"heading.default\">\n\t\t\t\t\t<h3 class=\"elementor-heading-title elementor-size-default\">Rendimiento y tecnolog\u00edas<\/h3>\t\t\t\t<\/div>\n\t\t\t\t<div class=\"elementor-element elementor-element-730f5406 elementor-widget elementor-widget-heading\" data-id=\"730f5406\" data-element_type=\"widget\" data-e-type=\"widget\" data-widget_type=\"heading.default\">\n\t\t\t\t\t<h2 class=\"elementor-heading-title elementor-size-default\">Precisi\u00f3n al servicio de la seguridad y la formaci\u00f3n<\/h2>\t\t\t\t<\/div>\n\t\t\t\t<div class=\"elementor-element elementor-element-4428f49b elementor-widget elementor-widget-text-editor\" data-id=\"4428f49b\" data-element_type=\"widget\" data-e-type=\"widget\" data-widget_type=\"text-editor.default\">\n\t\t\t\t\t\t\t\t\t<p>Dise\u00f1ado para reproducir el comportamiento real del EC145-C2, el simulador integra:<\/p><ul><li><strong> Modelizaci\u00f3n din\u00e1mica completa<\/strong> de los sistemas de vuelo y motores<\/li><li><strong>Visuales de alta resoluci\u00f3n<\/strong> para una inmersi\u00f3n total, de d\u00eda y de noche<\/li><li><strong>Cabina id\u00e9ntica <\/strong>a la aeronave real<\/li><li><strong>Sistemas de audio y visuales sincronizados<\/strong> para simular el estr\u00e9s y la carga de trabajo operativa<\/li><\/ul><p><br>Cada par\u00e1metro meteorol\u00f3gico, luminosidad, fallo, tr\u00e1fico o entorno puede ajustarse en tiempo real para r<strong>ecrear las situaciones m\u00e1s exigentes.<\/strong><\/p>\t\t\t\t\t\t\t\t<\/div>\n\t\t\t\t<\/div>\n\t\t\t\t\t<\/div>\n\t\t\t\t<\/div>\n\t\t<div class=\"elementor-element elementor-element-9efccf1 e-flex e-con-boxed e-con e-parent\" data-id=\"9efccf1\" data-element_type=\"container\" data-e-type=\"container\">\n\t\t\t\t\t<div class=\"e-con-inner\">\n\t\t<div class=\"elementor-element elementor-element-7cfdff3 e-con-full e-flex e-con e-child\" data-id=\"7cfdff3\" data-element_type=\"container\" data-e-type=\"container\">\n\t\t\t\t<div class=\"elementor-element elementor-element-2cae16e elementor-widget elementor-widget-image\" data-id=\"2cae16e\" data-element_type=\"widget\" data-e-type=\"widget\" data-widget_type=\"image.default\">\n\t\t\t\t\t\t\t\t\t\t\t\t\t\t\t<img decoding=\"async\" width=\"800\" height=\"800\" src=\"https:\/\/xscopter.com\/wp-content\/uploads\/2025\/11\/xscopter-atterissage-1024x1024.webp\" class=\"attachment-large size-large wp-image-1193\" alt=\"xscopter-atterissage\" srcset=\"https:\/\/xscopter.com\/wp-content\/uploads\/2025\/11\/xscopter-atterissage-1024x1024.webp 1024w, https:\/\/xscopter.com\/wp-content\/uploads\/2025\/11\/xscopter-atterissage-300x300.webp 300w, https:\/\/xscopter.com\/wp-content\/uploads\/2025\/11\/xscopter-atterissage-150x150.webp 150w, https:\/\/xscopter.com\/wp-content\/uploads\/2025\/11\/xscopter-atterissage-768x768.webp 768w, https:\/\/xscopter.com\/wp-content\/uploads\/2025\/11\/xscopter-atterissage-1536x1536.webp 1536w, https:\/\/xscopter.com\/wp-content\/uploads\/2025\/11\/xscopter-atterissage.webp 1600w\" sizes=\"(max-width: 800px) 100vw, 800px\" \/>\t\t\t\t\t\t\t\t\t\t\t\t\t\t\t<\/div>\n\t\t\t\t<\/div>\n\t\t<div class=\"elementor-element elementor-element-741611d e-con-full e-flex e-con e-child\" data-id=\"741611d\" data-element_type=\"container\" data-e-type=\"container\">\n\t\t\t\t<div class=\"elementor-element elementor-element-c6ed309 elementor-widget elementor-widget-heading\" data-id=\"c6ed309\" data-element_type=\"widget\" data-e-type=\"widget\" data-widget_type=\"heading.default\">\n\t\t\t\t\t<h3 class=\"elementor-heading-title elementor-size-default\">Escenarios y entornos de entrenamiento<\/h3>\t\t\t\t<\/div>\n\t\t\t\t<div class=\"elementor-element elementor-element-06b1a59 elementor-widget elementor-widget-heading\" data-id=\"06b1a59\" data-element_type=\"widget\" data-e-type=\"widget\" data-widget_type=\"heading.default\">\n\t\t\t\t\t<h2 class=\"elementor-heading-title elementor-size-default\">Misiones realistas para cada tipo de operaci\u00f3n\n<\/h2>\t\t\t\t<\/div>\n\t\t\t\t<div class=\"elementor-element elementor-element-9efa5c3 elementor-widget elementor-widget-text-editor\" data-id=\"9efa5c3\" data-element_type=\"widget\" data-e-type=\"widget\" data-widget_type=\"text-editor.default\">\n\t\t\t\t\t\t\t\t\t<p>El simulador permite recrear una amplia variedad de misiones:<\/p><ul><li><strong>Vuelos diurnos y nocturnos<\/strong> con meteorolog\u00eda din\u00e1mica<\/li><li><strong>Vuelos IFR \/ PBN <\/strong>para navegaci\u00f3n de precisi\u00f3n<\/li><li><strong>Vuelos t\u00e1cticos<\/strong> para fuerzas armadas y de seguridad<\/li><li><strong>Vuelos mar\u00edtimos <\/strong>con operaciones en plataformas offshore<\/li><li><strong>Vuelos en monta\u00f1a <\/strong>con simulaci\u00f3n de viento, relieve y densidad del aire<\/li><li><strong>Vuelos NVIS <\/strong>para tripulaciones especializadas<\/li><li><strong>Misiones HEMS <\/strong>con escenarios de transporte sanitario<\/li><\/ul><p><br>Estos entornos inmersivos permiten una preparaci\u00f3n completa frente a la realidad operativa.<\/p>\t\t\t\t\t\t\t\t<\/div>\n\t\t\t\t<div class=\"elementor-element elementor-element-ba815f5 elementor-align-left elementor-widget elementor-widget-button\" data-id=\"ba815f5\" data-element_type=\"widget\" data-e-type=\"widget\" data-widget_type=\"button.default\">\n\t\t\t\t\t\t\t\t\t\t<a class=\"elementor-button elementor-button-link elementor-size-sm\" href=\"https:\/\/xscopter.com\/es\/contacto\/\">\n\t\t\t\t\t\t<span class=\"elementor-button-content-wrapper\">\n\t\t\t\t\t\t\t\t\t<span class=\"elementor-button-text\">M\u00e1s informaci\u00f3n<\/span>\n\t\t\t\t\t<\/span>\n\t\t\t\t\t<\/a>\n\t\t\t\t\t\t\t\t<\/div>\n\t\t\t\t<\/div>\n\t\t\t\t\t<\/div>\n\t\t\t\t<\/div>\n\t\t<div class=\"elementor-element elementor-element-253447ab e-flex e-con-boxed e-con e-parent\" data-id=\"253447ab\" data-element_type=\"container\" data-e-type=\"container\">\n\t\t\t\t\t<div class=\"e-con-inner\">\n\t\t<div class=\"elementor-element elementor-element-1744457e e-con-full e-flex e-con e-child\" data-id=\"1744457e\" data-element_type=\"container\" data-e-type=\"container\">\n\t\t\t\t<div class=\"elementor-element elementor-element-732c0af7 elementor-widget elementor-widget-image\" data-id=\"732c0af7\" data-element_type=\"widget\" data-e-type=\"widget\" data-widget_type=\"image.default\">\n\t\t\t\t\t\t\t\t\t\t\t\t\t\t\t<img decoding=\"async\" width=\"800\" height=\"800\" src=\"https:\/\/xscopter.com\/wp-content\/uploads\/2025\/10\/mise-en-situation-helicoptere-simulateur.webp\" class=\"attachment-large size-large wp-image-1194\" alt=\"mise-en-situation-helicoptere-simulateur\" srcset=\"https:\/\/xscopter.com\/wp-content\/uploads\/2025\/10\/mise-en-situation-helicoptere-simulateur.webp 975w, https:\/\/xscopter.com\/wp-content\/uploads\/2025\/10\/mise-en-situation-helicoptere-simulateur-300x300.webp 300w, https:\/\/xscopter.com\/wp-content\/uploads\/2025\/10\/mise-en-situation-helicoptere-simulateur-150x150.webp 150w, https:\/\/xscopter.com\/wp-content\/uploads\/2025\/10\/mise-en-situation-helicoptere-simulateur-768x768.webp 768w\" sizes=\"(max-width: 800px) 100vw, 800px\" \/>\t\t\t\t\t\t\t\t\t\t\t\t\t\t\t<\/div>\n\t\t\t\t<\/div>\n\t\t<div class=\"elementor-element elementor-element-783da98c e-con-full e-flex e-con e-child\" data-id=\"783da98c\" data-element_type=\"container\" data-e-type=\"container\">\n\t\t\t\t<div class=\"elementor-element elementor-element-1c38607b elementor-widget elementor-widget-heading\" data-id=\"1c38607b\" data-element_type=\"widget\" data-e-type=\"widget\" data-widget_type=\"heading.default\">\n\t\t\t\t\t<h3 class=\"elementor-heading-title elementor-size-default\">Objetivos de formaci\u00f3n<\/h3>\t\t\t\t<\/div>\n\t\t\t\t<div class=\"elementor-element elementor-element-67d1dde5 elementor-widget elementor-widget-heading\" data-id=\"67d1dde5\" data-element_type=\"widget\" data-e-type=\"widget\" data-widget_type=\"heading.default\">\n\t\t\t\t\t<h2 class=\"elementor-heading-title elementor-size-default\">De la cualificaci\u00f3n al dominio operativo\n<\/h2>\t\t\t\t<\/div>\n\t\t\t\t<div class=\"elementor-element elementor-element-62f758 elementor-widget elementor-widget-text-editor\" data-id=\"62f758\" data-element_type=\"widget\" data-e-type=\"widget\" data-widget_type=\"text-editor.default\">\n\t\t\t\t\t\t\t\t\t<p>El simulador EC145-C2 es una herramienta polivalente que permite:<\/p><ul><li><strong>Formaci\u00f3n inicial <\/strong>de pilotos y TCM<\/li><li><strong>Recalificaci\u00f3n y mantenimiento <\/strong>de competencias (OPC\/LPC)<\/li><li><strong>Preparaci\u00f3n para misiones espec\u00edficas<\/strong> (t\u00e1cticas, HEMS, mar\u00edtimas, monta\u00f1a, NVIS)<\/li><\/ul><p><br>Su nivel de precisi\u00f3n y flexibilidad lo convierten en una plataforma de referencia en Europa.<\/p>\t\t\t\t\t\t\t\t<\/div>\n\t\t\t\t<div class=\"elementor-element elementor-element-3d1eb122 elementor-align-left elementor-widget elementor-widget-button\" data-id=\"3d1eb122\" data-element_type=\"widget\" data-e-type=\"widget\" data-widget_type=\"button.default\">\n\t\t\t\t\t\t\t\t\t\t<a class=\"elementor-button elementor-button-link elementor-size-sm\" href=\"https:\/\/xscopter.com\/es\/entrenamiento\/\">\n\t\t\t\t\t\t<span class=\"elementor-button-content-wrapper\">\n\t\t\t\t\t\t\t\t\t<span class=\"elementor-button-text\">Descubra nuestros programas<\/span>\n\t\t\t\t\t<\/span>\n\t\t\t\t\t<\/a>\n\t\t\t\t\t\t\t\t<\/div>\n\t\t\t\t<\/div>\n\t\t\t\t\t<\/div>\n\t\t\t\t<\/div>\n\t\t\t\t<\/div>\n\t\t","protected":false},"excerpt":{"rendered":"<p>Simulador EC145-C2 Full-Flight Simulator Nivel A Un realismo excepcional para un entrenamiento sin concesiones El simulador EC145-C2 Full-Flight Simulator Nivel A de XSCopter ofrece un nivel excepcional de realismo y rendimiento, permitiendo recrear con precisi\u00f3n las condiciones reales de un vuelo en helic\u00f3ptero. Dise\u00f1ado para satisfacer las necesidades de tripulaciones civiles, parap\u00fablicas y militares, permite [&hellip;]<\/p>\n","protected":false},"author":1,"featured_media":0,"parent":0,"menu_order":0,"comment_status":"closed","ping_status":"closed","template":"","meta":{"footnotes":""},"class_list":["post-1189","page","type-page","status-publish","hentry"],"yoast_head":"<!-- This site is optimized with the Yoast SEO plugin v27.4 - https:\/\/yoast.com\/product\/yoast-seo-wordpress\/ -->\n<title>Simulador de vuelo de helic\u00f3ptero EC145-C2 | XSCopter Perpignan<\/title>\n<meta name=\"description\" content=\"Descubra el simulador de vuelo de helic\u00f3ptero EC145-C2 Full-Flight Simulator Level A. Certificado por la EASA y la DGAC. Realismo total para el entrenamiento.\" \/>\n<meta name=\"robots\" content=\"index, follow, max-snippet:-1, max-image-preview:large, max-video-preview:-1\" \/>\n<link rel=\"canonical\" href=\"https:\/\/xscopter.com\/es\/el-simulador\/\" \/>\n<meta property=\"og:locale\" content=\"es_ES\" \/>\n<meta property=\"og:type\" content=\"article\" \/>\n<meta property=\"og:title\" content=\"Simulador de vuelo de helic\u00f3ptero EC145-C2 | XSCopter Perpignan\" \/>\n<meta property=\"og:description\" content=\"Descubra el simulador de vuelo de helic\u00f3ptero EC145-C2 Full-Flight Simulator Level A. Certificado por la EASA y la DGAC. Realismo total para el entrenamiento.\" \/>\n<meta property=\"og:url\" content=\"https:\/\/xscopter.com\/es\/el-simulador\/\" \/>\n<meta property=\"og:site_name\" content=\"Xscopter\" \/>\n<meta property=\"article:modified_time\" content=\"2026-01-27T14:10:57+00:00\" \/>\n<meta property=\"og:image\" content=\"https:\/\/xscopter.com\/wp-content\/uploads\/2025\/11\/simulateur-xscopter.webp\" \/>\n\t<meta property=\"og:image:width\" content=\"900\" \/>\n\t<meta property=\"og:image:height\" content=\"1600\" \/>\n\t<meta property=\"og:image:type\" content=\"image\/webp\" \/>\n<meta name=\"twitter:card\" content=\"summary_large_image\" \/>\n<meta name=\"twitter:label1\" content=\"Tiempo de lectura\" \/>\n\t<meta name=\"twitter:data1\" content=\"2 minutos\" \/>\n<script type=\"application\/ld+json\" class=\"yoast-schema-graph\">{\"@context\":\"https:\\\/\\\/schema.org\",\"@graph\":[{\"@type\":\"WebPage\",\"@id\":\"https:\\\/\\\/xscopter.com\\\/es\\\/el-simulador\\\/\",\"url\":\"https:\\\/\\\/xscopter.com\\\/es\\\/el-simulador\\\/\",\"name\":\"Simulador de vuelo de helic\u00f3ptero EC145-C2 | XSCopter Perpignan\",\"isPartOf\":{\"@id\":\"https:\\\/\\\/xscopter.com\\\/es\\\/#website\"},\"primaryImageOfPage\":{\"@id\":\"https:\\\/\\\/xscopter.com\\\/es\\\/el-simulador\\\/#primaryimage\"},\"image\":{\"@id\":\"https:\\\/\\\/xscopter.com\\\/es\\\/el-simulador\\\/#primaryimage\"},\"thumbnailUrl\":\"https:\\\/\\\/xscopter.com\\\/wp-content\\\/uploads\\\/2025\\\/11\\\/simulateur-xscopter-576x1024.webp\",\"datePublished\":\"2025-09-23T10:45:24+00:00\",\"dateModified\":\"2026-01-27T14:10:57+00:00\",\"description\":\"Descubra el simulador de vuelo de helic\u00f3ptero EC145-C2 Full-Flight Simulator Level A. Certificado por la EASA y la DGAC. Realismo total para el entrenamiento.\",\"breadcrumb\":{\"@id\":\"https:\\\/\\\/xscopter.com\\\/es\\\/el-simulador\\\/#breadcrumb\"},\"inLanguage\":\"es\",\"potentialAction\":[{\"@type\":\"ReadAction\",\"target\":[\"https:\\\/\\\/xscopter.com\\\/es\\\/el-simulador\\\/\"]}]},{\"@type\":\"ImageObject\",\"inLanguage\":\"es\",\"@id\":\"https:\\\/\\\/xscopter.com\\\/es\\\/el-simulador\\\/#primaryimage\",\"url\":\"https:\\\/\\\/xscopter.com\\\/wp-content\\\/uploads\\\/2025\\\/11\\\/simulateur-xscopter-576x1024.webp\",\"contentUrl\":\"https:\\\/\\\/xscopter.com\\\/wp-content\\\/uploads\\\/2025\\\/11\\\/simulateur-xscopter-576x1024.webp\"},{\"@type\":\"BreadcrumbList\",\"@id\":\"https:\\\/\\\/xscopter.com\\\/es\\\/el-simulador\\\/#breadcrumb\",\"itemListElement\":[{\"@type\":\"ListItem\",\"position\":1,\"name\":\"Accueil\",\"item\":\"https:\\\/\\\/xscopter.com\\\/es\\\/\"},{\"@type\":\"ListItem\",\"position\":2,\"name\":\"El simulador\"}]},{\"@type\":\"WebSite\",\"@id\":\"https:\\\/\\\/xscopter.com\\\/es\\\/#website\",\"url\":\"https:\\\/\\\/xscopter.com\\\/es\\\/\",\"name\":\"Xscopter\",\"description\":\"Flight Simulator\",\"potentialAction\":[{\"@type\":\"SearchAction\",\"target\":{\"@type\":\"EntryPoint\",\"urlTemplate\":\"https:\\\/\\\/xscopter.com\\\/es\\\/?s={search_term_string}\"},\"query-input\":{\"@type\":\"PropertyValueSpecification\",\"valueRequired\":true,\"valueName\":\"search_term_string\"}}],\"inLanguage\":\"es\"}]}<\/script>\n<!-- \/ Yoast SEO plugin. -->","yoast_head_json":{"title":"Simulador de vuelo de helic\u00f3ptero EC145-C2 | XSCopter Perpignan","description":"Descubra el simulador de vuelo de helic\u00f3ptero EC145-C2 Full-Flight Simulator Level A. Certificado por la EASA y la DGAC. Realismo total para el entrenamiento.","robots":{"index":"index","follow":"follow","max-snippet":"max-snippet:-1","max-image-preview":"max-image-preview:large","max-video-preview":"max-video-preview:-1"},"canonical":"https:\/\/xscopter.com\/es\/el-simulador\/","og_locale":"es_ES","og_type":"article","og_title":"Simulador de vuelo de helic\u00f3ptero EC145-C2 | XSCopter Perpignan","og_description":"Descubra el simulador de vuelo de helic\u00f3ptero EC145-C2 Full-Flight Simulator Level A. Certificado por la EASA y la DGAC. Realismo total para el entrenamiento.","og_url":"https:\/\/xscopter.com\/es\/el-simulador\/","og_site_name":"Xscopter","article_modified_time":"2026-01-27T14:10:57+00:00","og_image":[{"width":900,"height":1600,"url":"https:\/\/xscopter.com\/wp-content\/uploads\/2025\/11\/simulateur-xscopter.webp","type":"image\/webp"}],"twitter_card":"summary_large_image","twitter_misc":{"Tiempo de lectura":"2 minutos"},"schema":{"@context":"https:\/\/schema.org","@graph":[{"@type":"WebPage","@id":"https:\/\/xscopter.com\/es\/el-simulador\/","url":"https:\/\/xscopter.com\/es\/el-simulador\/","name":"Simulador de vuelo de helic\u00f3ptero EC145-C2 | XSCopter Perpignan","isPartOf":{"@id":"https:\/\/xscopter.com\/es\/#website"},"primaryImageOfPage":{"@id":"https:\/\/xscopter.com\/es\/el-simulador\/#primaryimage"},"image":{"@id":"https:\/\/xscopter.com\/es\/el-simulador\/#primaryimage"},"thumbnailUrl":"https:\/\/xscopter.com\/wp-content\/uploads\/2025\/11\/simulateur-xscopter-576x1024.webp","datePublished":"2025-09-23T10:45:24+00:00","dateModified":"2026-01-27T14:10:57+00:00","description":"Descubra el simulador de vuelo de helic\u00f3ptero EC145-C2 Full-Flight Simulator Level A. Certificado por la EASA y la DGAC. Realismo total para el entrenamiento.","breadcrumb":{"@id":"https:\/\/xscopter.com\/es\/el-simulador\/#breadcrumb"},"inLanguage":"es","potentialAction":[{"@type":"ReadAction","target":["https:\/\/xscopter.com\/es\/el-simulador\/"]}]},{"@type":"ImageObject","inLanguage":"es","@id":"https:\/\/xscopter.com\/es\/el-simulador\/#primaryimage","url":"https:\/\/xscopter.com\/wp-content\/uploads\/2025\/11\/simulateur-xscopter-576x1024.webp","contentUrl":"https:\/\/xscopter.com\/wp-content\/uploads\/2025\/11\/simulateur-xscopter-576x1024.webp"},{"@type":"BreadcrumbList","@id":"https:\/\/xscopter.com\/es\/el-simulador\/#breadcrumb","itemListElement":[{"@type":"ListItem","position":1,"name":"Accueil","item":"https:\/\/xscopter.com\/es\/"},{"@type":"ListItem","position":2,"name":"El simulador"}]},{"@type":"WebSite","@id":"https:\/\/xscopter.com\/es\/#website","url":"https:\/\/xscopter.com\/es\/","name":"Xscopter","description":"Flight Simulator","potentialAction":[{"@type":"SearchAction","target":{"@type":"EntryPoint","urlTemplate":"https:\/\/xscopter.com\/es\/?s={search_term_string}"},"query-input":{"@type":"PropertyValueSpecification","valueRequired":true,"valueName":"search_term_string"}}],"inLanguage":"es"}]}},"_links":{"self":[{"href":"https:\/\/xscopter.com\/es\/wp-json\/wp\/v2\/pages\/1189","targetHints":{"allow":["GET"]}}],"collection":[{"href":"https:\/\/xscopter.com\/es\/wp-json\/wp\/v2\/pages"}],"about":[{"href":"https:\/\/xscopter.com\/es\/wp-json\/wp\/v2\/types\/page"}],"author":[{"embeddable":true,"href":"https:\/\/xscopter.com\/es\/wp-json\/wp\/v2\/users\/1"}],"replies":[{"embeddable":true,"href":"https:\/\/xscopter.com\/es\/wp-json\/wp\/v2\/comments?post=1189"}],"version-history":[{"count":2,"href":"https:\/\/xscopter.com\/es\/wp-json\/wp\/v2\/pages\/1189\/revisions"}],"predecessor-version":[{"id":1196,"href":"https:\/\/xscopter.com\/es\/wp-json\/wp\/v2\/pages\/1189\/revisions\/1196"}],"wp:attachment":[{"href":"https:\/\/xscopter.com\/es\/wp-json\/wp\/v2\/media?parent=1189"}],"curies":[{"name":"wp","href":"https:\/\/api.w.org\/{rel}","templated":true}]}}